{"id":1548,"date":"2023-04-07T21:33:35","date_gmt":"2023-04-07T21:33:35","guid":{"rendered":"https:\/\/beblue.pt\/user-orders\/"},"modified":"2023-04-13T21:23:08","modified_gmt":"2023-04-13T20:23:08","slug":"user-orders","status":"publish","type":"page","link":"https:\/\/beblue.pt\/en\/user-orders\/","title":{"rendered":"User Orders"},"content":{"rendered":"<div data-elementor-type=\"wp-page\" data-elementor-id=\"1548\" class=\"elementor elementor-1548\">\n\t\t\t\t\t\t<section class=\"elementor-section elementor-top-section elementor-element elementor-element-3ff14a0a elementor-section-boxed elementor-section-height-default elementor-section-height-default\" data-id=\"3ff14a0a\" data-element_type=\"section\" data-e-type=\"section\">\n\t\t\t\t\t\t<div class=\"elementor-container elementor-column-gap-default\">\n\t\t\t\t\t<div class=\"elementor-column elementor-col-100 elementor-top-column elementor-element elementor-element-2af2edcc\" data-id=\"2af2edcc\" data-element_type=\"column\" data-e-type=\"column\">\n\t\t\t<div class=\"elementor-widget-wrap elementor-element-populated\">\n\t\t\t\t\t\t<div class=\"elementor-element elementor-element-7f5b29be elementor-widget elementor-widget-shortcode\" data-id=\"7f5b29be\" data-element_type=\"widget\" data-e-type=\"widget\" data-widget_type=\"shortcode.default\">\n\t\t\t\t<div class=\"elementor-widget-container\">\n\t\t\t\t\t\t\t<div class=\"elementor-shortcode\">\n<div class=\"wrap plugin-container\">\n\n\t\n\t\n\t\t<div class=\"vrcsearchconfnumb\">\r\n\t\t<form action=\"https:\/\/beblue.pt\/en\/user-orders\/\" method=\"post\" data-trp-original-action=\"https:\/\/beblue.pt\/en\/user-orders\/\">\r\n\t\t\t<input type=\"hidden\" name=\"option\" value=\"com_vikrentcar\"\/>\r\n\t\t\t<input type=\"hidden\" name=\"view\" value=\"userorders\"\/>\r\n\t\t\t<input type=\"hidden\" name=\"searchorder\" value=\"1\"\/>\r\n\t\t\t<div class=\"vrcconfnumbinp\">\r\n\t\t\t\t<label for=\"vrcconfnum\">Confirmation Number or PIN Code<\/label>\r\n\t\t\t\t<input type=\"text\" name=\"confirmnum\" value=\"\" size=\"25\" id=\"vrcconfnum\"\/>\r\n\t\t\t<\/div>\r\n\t\t\t<div class=\"vrcconfnumbsubm\">\r\n\t\t\t\t<input type=\"submit\" name=\"searchconfnum\" class=\"btn vrc-pref-color-btn\" value=\"Search Order\"\/>\r\n\t\t\t<\/div>\r\n\t\t<input type=\"hidden\" name=\"trp-form-language\" value=\"en\"\/><\/form>\r\n\t<\/div>\r\n\t\t<p class=\"vrcuserordersparag\">No reservations were found for this account<\/p>\r\n\t<div class=\"vrc-pagination-footer\"><\/div>\r\n\n<\/div>\n<\/div>\n\t\t\t\t\t\t<\/div>\n\t\t\t\t<\/div>\n\t\t\t\t\t<\/div>\n\t\t<\/div>\n\t\t\t\t\t<\/div>\n\t\t<\/section>\n\t\t<div class=\"elementor-element elementor-element-617f338 e-con-full e-flex e-con e-parent\" data-id=\"617f338\" data-element_type=\"container\" data-e-type=\"container\" data-settings=\"{&quot;background_background&quot;:&quot;classic&quot;}\">\n\t\t\t\t<div class=\"elementor-element elementor-element-207bbbb elementor-widget__width-inherit elementor-widget-divider--view-line elementor-widget elementor-widget-divider\" data-id=\"207bbbb\" data-element_type=\"widget\" data-e-type=\"widget\" data-widget_type=\"divider.default\">\n\t\t\t\t<div class=\"elementor-widget-container\">\n\t\t\t\t\t\t\t<div class=\"elementor-divider\">\n\t\t\t<span class=\"elementor-divider-separator\">\n\t\t\t\t\t\t<\/span>\n\t\t<\/div>\n\t\t\t\t\t\t<\/div>\n\t\t\t\t<\/div>\n\t\t\t\t<\/div>\n\t\t<div class=\"elementor-element elementor-element-97cc5e2 e-flex e-con-boxed e-con e-parent\" data-id=\"97cc5e2\" data-element_type=\"container\" data-e-type=\"container\" data-settings=\"{&quot;background_background&quot;:&quot;classic&quot;}\">\n\t\t\t\t\t<div class=\"e-con-inner\">\n\t\t<div class=\"elementor-element elementor-element-f6887d0 e-con-full e-flex e-con e-parent\" data-id=\"f6887d0\" data-element_type=\"container\" data-e-type=\"container\">\n\t\t\t\t<div class=\"elementor-element elementor-element-b35316c elementor-widget elementor-widget-image\" data-id=\"b35316c\" data-element_type=\"widget\" data-e-type=\"widget\" data-widget_type=\"image.default\">\n\t\t\t\t<div class=\"elementor-widget-container\">\n\t\t\t\t\t\t\t\t\t\t\t\t\t\t\t<img fetchpriority=\"high\" decoding=\"async\" width=\"743\" height=\"591\" src=\"https:\/\/beblue.pt\/wp-content\/uploads\/2023\/04\/waze-1.jpg\" class=\"attachment-large size-large wp-image-2098\" alt=\"\" srcset=\"https:\/\/beblue.pt\/wp-content\/uploads\/2023\/04\/waze-1.jpg 743w, https:\/\/beblue.pt\/wp-content\/uploads\/2023\/04\/waze-1-300x239.jpg 300w, https:\/\/beblue.pt\/wp-content\/uploads\/2023\/04\/waze-1-15x12.jpg 15w\" sizes=\"(max-width: 743px) 100vw, 743px\" \/>\t\t\t\t\t\t\t\t\t\t\t\t\t\t\t<\/div>\n\t\t\t\t<\/div>\n\t\t\t\t<\/div>\n\t\t<div class=\"elementor-element elementor-element-73d7ea2 e-con-full e-flex e-con e-parent\" data-id=\"73d7ea2\" data-element_type=\"container\" data-e-type=\"container\">\n\t\t<div class=\"elementor-element elementor-element-fd75ec5 e-flex e-con-boxed e-con e-parent\" data-id=\"fd75ec5\" data-element_type=\"container\" data-e-type=\"container\">\n\t\t\t\t\t<div class=\"e-con-inner\">\n\t\t\t\t<div class=\"elementor-element elementor-element-1aaf2bc elementor-widget elementor-widget-heading\" data-id=\"1aaf2bc\" data-element_type=\"widget\" data-e-type=\"widget\" data-widget_type=\"heading.default\">\n\t\t\t\t<div class=\"elementor-widget-container\">\n\t\t\t\t\t<h2 class=\"elementor-heading-title elementor-size-default\">WAZE<\/h2>\t\t\t\t<\/div>\n\t\t\t\t<\/div>\n\t\t\t\t<div class=\"elementor-element elementor-element-1f104d4 elementor-widget elementor-widget-text-editor\" data-id=\"1f104d4\" data-element_type=\"widget\" data-e-type=\"widget\" data-widget_type=\"text-editor.default\">\n\t\t\t\t<div class=\"elementor-widget-container\">\n\t\t\t\t\t\t\t\t\t<p>Indica\u00e7\u00f5es com base no estado do tr\u00e2nsito em tempo real. Use o Waze para seguir pela melhor rota at\u00e9 ao seu destino.<\/p>\t\t\t\t\t\t\t\t<\/div>\n\t\t\t\t<\/div>\n\t\t\t\t\t<\/div>\n\t\t\t\t<\/div>\n\t\t<div class=\"elementor-element elementor-element-fe3883f e-flex e-con-boxed e-con e-parent\" data-id=\"fe3883f\" data-element_type=\"container\" data-e-type=\"container\">\n\t\t\t\t\t<div class=\"e-con-inner\">\n\t\t\t\t<div class=\"elementor-element elementor-element-e9c91a9 elementor-align-center elementor-widget__width-initial elementor-widget elementor-widget-button\" data-id=\"e9c91a9\" data-element_type=\"widget\" data-e-type=\"widget\" data-widget_type=\"button.default\">\n\t\t\t\t<div class=\"elementor-widget-container\">\n\t\t\t\t\t\t\t\t\t<div class=\"elementor-button-wrapper\">\n\t\t\t\t\t<a class=\"elementor-button elementor-button-link elementor-size-md\" href=\"https:\/\/market.android.com\/details?id=com.waze&#038;referrer=deeplink_f%3D%26utm_source%3Dwaze_website%26utm_medium%3Dweb-livemap-desktop-cta_bar%26utm_campaign%3Ddefault%26ll%3D32.64609633%252C-16.91851616%26navigate%3Dyes\">\n\t\t\t\t\t\t<span class=\"elementor-button-content-wrapper\">\n\t\t\t\t\t\t<span class=\"elementor-button-icon\">\n\t\t\t\t<i aria-hidden=\"true\" class=\"fab fa-google-play\"><\/i>\t\t\t<\/span>\n\t\t\t\t\t\t\t\t\t<span class=\"elementor-button-text\">Android<\/span>\n\t\t\t\t\t<\/span>\n\t\t\t\t\t<\/a>\n\t\t\t\t<\/div>\n\t\t\t\t\t\t\t\t<\/div>\n\t\t\t\t<\/div>\n\t\t\t\t\t<\/div>\n\t\t\t\t<\/div>\n\t\t<div class=\"elementor-element elementor-element-acd7f65 e-flex e-con-boxed e-con e-parent\" data-id=\"acd7f65\" data-element_type=\"container\" data-e-type=\"container\">\n\t\t\t\t\t<div class=\"e-con-inner\">\n\t\t\t\t<div class=\"elementor-element elementor-element-af4cc7b elementor-align-center elementor-widget__width-initial elementor-widget elementor-widget-button\" data-id=\"af4cc7b\" data-element_type=\"widget\" data-e-type=\"widget\" data-widget_type=\"button.default\">\n\t\t\t\t<div class=\"elementor-widget-container\">\n\t\t\t\t\t\t\t\t\t<div class=\"elementor-button-wrapper\">\n\t\t\t\t\t<a class=\"elementor-button elementor-button-link elementor-size-md\" href=\"https:\/\/itunes.apple.com\/app\/app-store\/id323229106?ct=waze_website_web-livemap-desktop-cta_bar_default&#038;pt=274039&#038;mt=8\">\n\t\t\t\t\t\t<span class=\"elementor-button-content-wrapper\">\n\t\t\t\t\t\t<span class=\"elementor-button-icon\">\n\t\t\t\t<i aria-hidden=\"true\" class=\"fab fa-app-store-ios\"><\/i>\t\t\t<\/span>\n\t\t\t\t\t\t\t\t\t<span class=\"elementor-button-text\">iOS<\/span>\n\t\t\t\t\t<\/span>\n\t\t\t\t\t<\/a>\n\t\t\t\t<\/div>\n\t\t\t\t\t\t\t\t<\/div>\n\t\t\t\t<\/div>\n\t\t\t\t\t<\/div>\n\t\t\t\t<\/div>\n\t\t\t\t<\/div>\n\t\t\t\t\t<\/div>\n\t\t\t\t<\/div>\n\t\t\t\t<\/div>","protected":false},"excerpt":{"rendered":"<p>WAZE Indica\u00e7\u00f5es com base no estado do tr\u00e2nsito em tempo real. Use o Waze para seguir pela melhor rota at\u00e9 ao seu destino. Android iOS<\/p>","protected":false},"author":1,"featured_media":0,"parent":0,"menu_order":0,"comment_status":"closed","ping_status":"closed","template":"elementor_theme","meta":{"_monsterinsights_skip_tracking":false,"_monsterinsights_sitenote_active":false,"_monsterinsights_sitenote_note":"","_monsterinsights_sitenote_category":0,"site-sidebar-layout":"default","site-content-layout":"default","ast-site-content-layout":"default","site-content-style":"default","site-sidebar-style":"default","ast-global-header-display":"","ast-banner-title-visibility":"","ast-main-header-display":"","ast-hfb-above-header-display":"","ast-hfb-below-header-display":"","ast-hfb-mobile-header-display":"","site-post-title":"","ast-breadcrumbs-content":"","ast-featured-img":"","footer-sml-layout":"","ast-disable-related-posts":"","theme-transparent-header-meta":"default","adv-header-id-meta":"","stick-header-meta":"","header-above-stick-meta":"","header-main-stick-meta":"","header-below-stick-meta":"","astra-migrate-meta-layouts":"default","ast-page-background-enabled":"default","ast-page-background-meta":{"desktop":{"background-color":"","background-image":"","background-repeat":"repeat","background-position":"center center","background-size":"auto","background-attachment":"scroll","background-type":"","background-media":"","overlay-type":"","overlay-color":"","overlay-opacity":"","overlay-gradient":""},"tablet":{"background-color":"","background-image":"","background-repeat":"repeat","background-position":"center center","background-size":"auto","background-attachment":"scroll","background-type":"","background-media":"","overlay-type":"","overlay-color":"","overlay-opacity":"","overlay-gradient":""},"mobile":{"background-color":"","background-image":"","background-repeat":"repeat","background-position":"center center","background-size":"auto","background-attachment":"scroll","background-type":"","background-media":"","overlay-type":"","overlay-color":"","overlay-opacity":"","overlay-gradient":""}},"ast-content-background-meta":{"desktop":{"background-color":"var(--ast-global-color-5)","background-image":"","background-repeat":"repeat","background-position":"center center","background-size":"auto","background-attachment":"scroll","background-type":"","background-media":"","overlay-type":"","overlay-color":"","overlay-opacity":"","overlay-gradient":""},"tablet":{"background-color":"var(--ast-global-color-5)","background-image":"","background-repeat":"repeat","background-position":"center center","background-size":"auto","background-attachment":"scroll","background-type":"","background-media":"","overlay-type":"","overlay-color":"","overlay-opacity":"","overlay-gradient":""},"mobile":{"background-color":"var(--ast-global-color-5)","background-image":"","background-repeat":"repeat","background-position":"center center","background-size":"auto","background-attachment":"scroll","background-type":"","background-media":"","overlay-type":"","overlay-color":"","overlay-opacity":"","overlay-gradient":""}},"footnotes":""},"class_list":["post-1548","page","type-page","status-publish","hentry"],"_links":{"self":[{"href":"https:\/\/beblue.pt\/en\/wp-json\/wp\/v2\/pages\/1548","targetHints":{"allow":["GET"]}}],"collection":[{"href":"https:\/\/beblue.pt\/en\/wp-json\/wp\/v2\/pages"}],"about":[{"href":"https:\/\/beblue.pt\/en\/wp-json\/wp\/v2\/types\/page"}],"author":[{"embeddable":true,"href":"https:\/\/beblue.pt\/en\/wp-json\/wp\/v2\/users\/1"}],"replies":[{"embeddable":true,"href":"https:\/\/beblue.pt\/en\/wp-json\/wp\/v2\/comments?post=1548"}],"version-history":[{"count":31,"href":"https:\/\/beblue.pt\/en\/wp-json\/wp\/v2\/pages\/1548\/revisions"}],"predecessor-version":[{"id":2191,"href":"https:\/\/beblue.pt\/en\/wp-json\/wp\/v2\/pages\/1548\/revisions\/2191"}],"wp:attachment":[{"href":"https:\/\/beblue.pt\/en\/wp-json\/wp\/v2\/media?parent=1548"}],"curies":[{"name":"wp","href":"https:\/\/api.w.org\/{rel}","templated":true}]}}