{"id":687,"date":"2023-04-02T17:12:24","date_gmt":"2023-04-02T17:12:24","guid":{"rendered":"https:\/\/beblue.pt\/?page_id=687"},"modified":"2024-05-31T21:46:15","modified_gmt":"2024-05-31T20:46:15","slug":"contacto","status":"publish","type":"page","link":"https:\/\/beblue.pt\/en\/contacto\/","title":{"rendered":"Contact"},"content":{"rendered":"\t\t<div data-elementor-type=\"wp-page\" data-elementor-id=\"687\" class=\"elementor elementor-687\">\n\t\t\t\t<div class=\"elementor-element elementor-element-d3bd85a elementor-hidden-tablet elementor-hidden-mobile e-flex e-con-boxed e-con e-parent\" data-id=\"d3bd85a\" data-element_type=\"container\" data-e-type=\"container\">\n\t\t\t\t\t<div class=\"e-con-inner\">\n\t\t\t\t\t<\/div>\n\t\t\t\t<\/div>\n\t\t<div class=\"elementor-element elementor-element-14f5754 e-flex e-con-boxed e-con e-parent\" data-id=\"14f5754\" data-element_type=\"container\" data-e-type=\"container\">\n\t\t\t\t\t<div class=\"e-con-inner\">\n\t\t<div class=\"elementor-element elementor-element-27a5cd1 e-con-full e-flex e-con e-child\" data-id=\"27a5cd1\" data-element_type=\"container\" data-e-type=\"container\">\n\t\t\t\t<div class=\"elementor-element elementor-element-ec25c84 elementor-widget elementor-widget-text-editor\" data-id=\"ec25c84\" data-element_type=\"widget\" data-e-type=\"widget\" data-widget_type=\"text-editor.default\">\n\t\t\t\t<div class=\"elementor-widget-container\">\n\t\t\t\t\t\t\t\t\t<p class=\"vc_custom_heading vc_custom_1646777809578\"><strong>Aeroporto da Madeira<\/strong><\/p><div class=\"icon-box vc_custom_1646777877497 icon_box_6874 stm-layout-box-car_dealer \"><div class=\"icon-text\"><div class=\"content\"><p>Parque P0 Express (Terminal de Chegadas)<\/p><\/div><\/div><\/div><div class=\"icon-box vc_custom_1646777950131 icon_box_15012 stm-layout-box-car_dealer \"><div class=\"icon-text\"><div class=\"content\"><p>Reservas: +351 926 676 935<br \/>Rece\u00e7\u00e3o de Clientes: +351 968 426 705<\/p><\/div><\/div><\/div>\t\t\t\t\t\t\t\t<\/div>\n\t\t\t\t<\/div>\n\t\t\t\t<\/div>\n\t\t<div class=\"elementor-element elementor-element-b79e250 e-con-full e-flex e-con e-child\" data-id=\"b79e250\" data-element_type=\"container\" data-e-type=\"container\">\n\t\t\t\t<div class=\"elementor-element elementor-element-3fdd2cd elementor-widget elementor-widget-text-editor\" data-id=\"3fdd2cd\" data-element_type=\"widget\" data-e-type=\"widget\" data-widget_type=\"text-editor.default\">\n\t\t\t\t<div class=\"elementor-widget-container\">\n\t\t\t\t\t\t\t\t\t<p class=\"vc_custom_heading vc_custom_1646778001075\"><strong>Centromar Shopping Centre<\/strong><\/p><div class=\"icon-box vc_custom_1646778013631 icon_box_76205 stm-layout-box-car_dealer \"><div class=\"icon-text\"><div class=\"content\"><p>Rua Ponta da Cruz \u2013 Funchal<\/p><\/div><\/div><\/div><div class=\"icon-box vc_custom_1646778070227 icon_box_62504 stm-layout-box-car_dealer \"><div class=\"icon-text\"><div class=\"content\"><p>Reservas: +351 926 676 935<br \/>Rece\u00e7\u00e3o de Clientes: +351 936 772 835<\/p><\/div><\/div><\/div><div class=\"icon-box vc_custom_1646778160192 icon_box_71304 stm-layout-box-car_dealer \"><div class=\"icon-text\"><div class=\"content\"><p>Dias \u00dateis: 09:00 \u2013 20:00<br \/>S\u00e1bado: 09:00 \u2013 18:00<br \/>Domingo: 09:00 \u2013 13:00<\/p><\/div><\/div><\/div>\t\t\t\t\t\t\t\t<\/div>\n\t\t\t\t<\/div>\n\t\t\t\t<\/div>\n\t\t<div class=\"elementor-element elementor-element-aef3647 e-con-full e-flex e-con e-child\" data-id=\"aef3647\" data-element_type=\"container\" data-e-type=\"container\">\n\t\t\t\t<div class=\"elementor-element elementor-element-e933c32 elementor-widget elementor-widget-text-editor\" data-id=\"e933c32\" data-element_type=\"widget\" data-e-type=\"widget\" data-widget_type=\"text-editor.default\">\n\t\t\t\t<div class=\"elementor-widget-container\">\n\t\t\t\t\t\t\t\t\t<p class=\"vc_custom_heading vc_custom_1646778195619\"><strong>Ribeira Brava &#8211; Bragauto<\/strong><\/p><div class=\"icon-box vc_custom_1646778211315 icon_box_89619 stm-layout-box-car_dealer  \"><div class=\"icon-text\"><div class=\"content\"><p>Rua 6 de Maio, 29<\/p><\/div><\/div><\/div><div class=\"icon-box vc_custom_1646778253184 icon_box_36618 stm-layout-box-car_dealer  \"><div class=\"icon-text\"><div class=\"content\"><p>Reservas: +351 926 676 935<br \/>Rece\u00e7\u00e3o de Clientes: +351 966 373 774<\/p><\/div><\/div><\/div><div class=\"icon-box vc_custom_1646778324655 icon_box_12298 stm-layout-box-car_dealer  \"><div class=\"icon-text\"><div class=\"content\"><p>Dias \u00dateis: 08:00 \u2013 18:00<br \/>S\u00e1bado: 08:00 \u2013 13:00<br \/>Domingo: Fechado<\/p><\/div><\/div><\/div>\t\t\t\t\t\t\t\t<\/div>\n\t\t\t\t<\/div>\n\t\t\t\t<\/div>\n\t\t\t\t\t<\/div>\n\t\t\t\t<\/div>\n\t\t<div class=\"elementor-element elementor-element-d99672c e-flex e-con-boxed e-con e-parent\" data-id=\"d99672c\" data-element_type=\"container\" data-e-type=\"container\" data-settings=\"{&quot;background_background&quot;:&quot;classic&quot;}\">\n\t\t\t\t\t<div class=\"e-con-inner\">\n\t\t\t\t<div class=\"elementor-element elementor-element-4e084a2 elementor-widget__width-initial elementor-widget elementor-widget-wpforms\" data-id=\"4e084a2\" data-element_type=\"widget\" data-e-type=\"widget\" data-widget_type=\"wpforms.default\">\n\t\t\t\t<div class=\"elementor-widget-container\">\n\t\t\t\t\t<div class=\"wpforms-container wpforms-render-modern\" id=\"wpforms-706\"><form id=\"wpforms-form-706\" class=\"wpforms-validate wpforms-form wpforms-ajax-form\" data-formid=\"706\" method=\"post\" enctype=\"multipart\/form-data\" action=\"\/en\/wp-json\/wp\/v2\/pages\/687\" data-token=\"898c8dc14a77fd4f36e46c3e7b3ac477\" data-token-time=\"1776543587\"><noscript class=\"wpforms-error-noscript\">Please enable JavaScript in your browser to complete this form.<\/noscript><div id=\"wpforms-error-noscript\" style=\"display: none;\">Please enable JavaScript in your browser to complete this form.<\/div><div class=\"wpforms-field-container\"><div id=\"wpforms-706-field_1-container\" class=\"wpforms-field wpforms-field-name\" data-field-id=\"1\"><fieldset><legend class=\"wpforms-field-label\">Nome <span class=\"wpforms-required-label\" aria-hidden=\"true\">*<\/span><\/legend><div class=\"wpforms-field-row wpforms-field-large\"><div class=\"wpforms-field-row-block wpforms-first wpforms-one-half\"><input type=\"text\" id=\"wpforms-706-field_1\" class=\"wpforms-field-name-first wpforms-field-required\" name=\"wpforms[fields][1][first]\" aria-errormessage=\"wpforms-706-field_1-error\" required><label for=\"wpforms-706-field_1\" class=\"wpforms-field-sublabel after\">First<\/label><\/div><div class=\"wpforms-field-row-block wpforms-one-half\"><input type=\"text\" id=\"wpforms-706-field_1-last\" class=\"wpforms-field-name-last wpforms-field-required\" name=\"wpforms[fields][1][last]\" aria-errormessage=\"wpforms-706-field_1-last-error\" required><label for=\"wpforms-706-field_1-last\" class=\"wpforms-field-sublabel after\">Last<\/label><\/div><\/div><\/fieldset><\/div><div id=\"wpforms-706-field_2-container\" class=\"wpforms-field wpforms-field-email\" data-field-id=\"2\"><label class=\"wpforms-field-label\" for=\"wpforms-706-field_2\">Email <span class=\"wpforms-required-label\" aria-hidden=\"true\">*<\/span><\/label><input type=\"email\" id=\"wpforms-706-field_2\" class=\"wpforms-field-large wpforms-field-required\" name=\"wpforms[fields][2]\" spellcheck=\"false\" aria-errormessage=\"wpforms-706-field_2-error\" required><\/div><div id=\"wpforms-706-field_3-container\" class=\"wpforms-field wpforms-field-textarea\" data-field-id=\"3\"><label class=\"wpforms-field-label\" for=\"wpforms-706-field_3\">Coment\u00e1rio ou Mensagem<\/label><textarea id=\"wpforms-706-field_3\" class=\"wpforms-field-medium\" name=\"wpforms[fields][3]\" aria-errormessage=\"wpforms-706-field_3-error\" ><\/textarea><\/div><div id=\"wpforms-706-field_4-container\" class=\"wpforms-field wpforms-field-gdpr-checkbox\" data-field-id=\"4\"><label class=\"wpforms-field-label\">Consentimento GDPR <span class=\"wpforms-required-label\" aria-hidden=\"true\">*<\/span><\/label><ul id=\"wpforms-706-field_4\" class=\"wpforms-field-required\"><li class=\"choice-1\"><input type=\"checkbox\" id=\"wpforms-706-field_4_1\" name=\"wpforms[fields][4][]\" value=\" Eu concordo que este site armazene as minhas informa\u00e7\u00f5es, de forma a que seja poss\u00edvel responder \u00e0 minha mensagem.\" aria-errormessage=\"wpforms-706-field_4_1-error\" required ><label class=\"wpforms-field-label-inline\" for=\"wpforms-706-field_4_1\"> Eu concordo que este site armazene as minhas informa\u00e7\u00f5es, de forma a que seja poss\u00edvel responder \u00e0 minha mensagem.<\/label><\/li><\/ul><\/div><\/div><!-- .wpforms-field-container --><div class=\"wpforms-recaptcha-container wpforms-is-recaptcha wpforms-is-recaptcha-type-v3\" ><input type=\"hidden\" name=\"wpforms[recaptcha]\" value=\"\"><\/div><div class=\"wpforms-submit-container\" ><input type=\"hidden\" name=\"wpforms[id]\" value=\"706\"><input type=\"hidden\" name=\"page_title\" value=\"\"><input type=\"hidden\" name=\"page_url\" value=\"https:\/\/beblue.pt\/en\/wp-json\/wp\/v2\/pages\/687\"><input type=\"hidden\" name=\"url_referer\" value=\"\"><button type=\"submit\" name=\"wpforms[submit]\" id=\"wpforms-submit-706\" class=\"wpforms-submit\" data-alt-text=\"Enviando...\" data-submit-text=\"Enviar\" aria-live=\"assertive\" value=\"wpforms-submit\">Enviar<\/button><img decoding=\"async\" src=\"https:\/\/beblue.pt\/wp-content\/plugins\/wpforms-lite\/assets\/images\/submit-spin.svg\" class=\"wpforms-submit-spinner\" style=\"display: none;\" width=\"26\" height=\"26\" alt=\"Loading\"><\/div><\/form><\/div>  <!-- .wpforms-container -->\t\t\t\t<\/div>\n\t\t\t\t<\/div>\n\t\t\t\t\t<\/div>\n\t\t\t\t<\/div>\n\t\t<div class=\"elementor-element elementor-element-16f2989 e-flex e-con-boxed e-con e-parent\" data-id=\"16f2989\" data-element_type=\"container\" data-e-type=\"container\" data-settings=\"{&quot;background_background&quot;:&quot;classic&quot;}\">\n\t\t\t\t\t<div class=\"e-con-inner\">\n\t\t\t\t<div class=\"elementor-element elementor-element-fe6409d elementor-widget__width-inherit elementor-widget elementor-widget-google_maps\" data-id=\"fe6409d\" data-element_type=\"widget\" data-e-type=\"widget\" data-widget_type=\"google_maps.default\">\n\t\t\t\t<div class=\"elementor-widget-container\">\n\t\t\t\t\t\t\t<div class=\"elementor-custom-embed\">\n\t\t\t<iframe loading=\"lazy\"\n\t\t\t\t\tsrc=\"https:\/\/maps.google.com\/maps?q=Centromar%20Business%20%26%20Shopping%20Centre&#038;t=m&#038;z=14&#038;output=embed&#038;iwloc=near\"\n\t\t\t\t\ttitle=\"Centromar Business &amp; Shopping Centre\"\n\t\t\t\t\taria-label=\"Centromar Business &amp; Shopping Centre\"\n\t\t\t><\/iframe>\n\t\t<\/div>\n\t\t\t\t\t\t<\/div>\n\t\t\t\t<\/div>\n\t\t\t\t\t<\/div>\n\t\t\t\t<\/div>\n\t\t\t\t<\/div>\n\t\t","protected":false},"excerpt":{"rendered":"<p>Aeroporto da Madeira Parque P0 Express (Terminal de Chegadas) Reservas: +351 926 676 935Rece\u00e7\u00e3o de Clientes: +351 968 426 705 Centromar Shopping Centre Rua Ponta da Cruz \u2013 Funchal Reservas: +351 926 676 935Rece\u00e7\u00e3o de Clientes: +351 936 772 835 Dias \u00dateis: 09:00 \u2013 20:00S\u00e1bado: 09:00 \u2013 18:00Domingo: 09:00 \u2013 13:00 Ribeira Brava &#8211; Bragauto [&hellip;]<\/p>\n","protected":false},"author":1,"featured_media":0,"parent":0,"menu_order":0,"comment_status":"closed","ping_status":"closed","template":"","meta":{"_monsterinsights_skip_tracking":false,"_monsterinsights_sitenote_active":false,"_monsterinsights_sitenote_note":"","_monsterinsights_sitenote_category":0,"site-sidebar-layout":"no-sidebar","site-content-layout":"page-builder","ast-site-content-layout":"default","site-content-style":"default","site-sidebar-style":"default","ast-global-header-display":"","ast-banner-title-visibility":"","ast-main-header-display":"","ast-hfb-above-header-display":"","ast-hfb-below-header-display":"","ast-hfb-mobile-header-display":"","site-post-title":"disabled","ast-breadcrumbs-content":"","ast-featured-img":"disabled","footer-sml-layout":"","ast-disable-related-posts":"","theme-transparent-header-meta":"enabled","adv-header-id-meta":"","stick-header-meta":"","header-above-stick-meta":"","header-main-stick-meta":"","header-below-stick-meta":"","astra-migrate-meta-layouts":"default","ast-page-background-enabled":"default","ast-page-background-meta":{"desktop":{"background-color":"","background-image":"","background-repeat":"repeat","background-position":"center center","background-size":"auto","background-attachment":"scroll","background-type":"","background-media":"","overlay-type":"","overlay-color":"","overlay-opacity":"","overlay-gradient":""},"tablet":{"background-color":"","background-image":"","background-repeat":"repeat","background-position":"center center","background-size":"auto","background-attachment":"scroll","background-type":"","background-media":"","overlay-type":"","overlay-color":"","overlay-opacity":"","overlay-gradient":""},"mobile":{"background-color":"","background-image":"","background-repeat":"repeat","background-position":"center center","background-size":"auto","background-attachment":"scroll","background-type":"","background-media":"","overlay-type":"","overlay-color":"","overlay-opacity":"","overlay-gradient":""}},"ast-content-background-meta":{"desktop":{"background-color":"var(--ast-global-color-5)","background-image":"","background-repeat":"repeat","background-position":"center center","background-size":"auto","background-attachment":"scroll","background-type":"","background-media":"","overlay-type":"","overlay-color":"","overlay-opacity":"","overlay-gradient":""},"tablet":{"background-color":"var(--ast-global-color-5)","background-image":"","background-repeat":"repeat","background-position":"center center","background-size":"auto","background-attachment":"scroll","background-type":"","background-media":"","overlay-type":"","overlay-color":"","overlay-opacity":"","overlay-gradient":""},"mobile":{"background-color":"var(--ast-global-color-5)","background-image":"","background-repeat":"repeat","background-position":"center center","background-size":"auto","background-attachment":"scroll","background-type":"","background-media":"","overlay-type":"","overlay-color":"","overlay-opacity":"","overlay-gradient":""}},"footnotes":""},"class_list":["post-687","page","type-page","status-publish","hentry"],"_links":{"self":[{"href":"https:\/\/beblue.pt\/en\/wp-json\/wp\/v2\/pages\/687","targetHints":{"allow":["GET"]}}],"collection":[{"href":"https:\/\/beblue.pt\/en\/wp-json\/wp\/v2\/pages"}],"about":[{"href":"https:\/\/beblue.pt\/en\/wp-json\/wp\/v2\/types\/page"}],"author":[{"embeddable":true,"href":"https:\/\/beblue.pt\/en\/wp-json\/wp\/v2\/users\/1"}],"replies":[{"embeddable":true,"href":"https:\/\/beblue.pt\/en\/wp-json\/wp\/v2\/comments?post=687"}],"version-history":[{"count":95,"href":"https:\/\/beblue.pt\/en\/wp-json\/wp\/v2\/pages\/687\/revisions"}],"predecessor-version":[{"id":2605,"href":"https:\/\/beblue.pt\/en\/wp-json\/wp\/v2\/pages\/687\/revisions\/2605"}],"wp:attachment":[{"href":"https:\/\/beblue.pt\/en\/wp-json\/wp\/v2\/media?parent=687"}],"curies":[{"name":"wp","href":"https:\/\/api.w.org\/{rel}","templated":true}]}}