{"id":925,"date":"2023-04-02T23:43:28","date_gmt":"2023-04-02T23:43:28","guid":{"rendered":"https:\/\/beblue.pt\/?page_id=925"},"modified":"2023-04-13T21:05:26","modified_gmt":"2023-04-13T20:05:26","slug":"coberturas","status":"publish","type":"page","link":"https:\/\/beblue.pt\/en\/coberturas\/","title":{"rendered":"Coverage"},"content":{"rendered":"<div data-elementor-type=\"wp-page\" data-elementor-id=\"925\" class=\"elementor elementor-925\">\n\t\t\t\t<div class=\"elementor-element elementor-element-a933778 elementor-hidden-tablet elementor-hidden-mobile e-flex e-con-boxed e-con e-parent\" data-id=\"a933778\" data-element_type=\"container\" data-e-type=\"container\">\n\t\t\t\t\t<div class=\"e-con-inner\">\n\t\t\t\t\t<\/div>\n\t\t\t\t<\/div>\n\t\t<div class=\"elementor-element elementor-element-c42798b e-flex e-con-boxed e-con e-parent\" data-id=\"c42798b\" data-element_type=\"container\" data-e-type=\"container\">\n\t\t\t\t\t<div class=\"e-con-inner\">\n\t\t\t\t<div class=\"elementor-element elementor-element-8fec685 elementor-widget elementor-widget-text-editor\" data-id=\"8fec685\" data-element_type=\"widget\" data-e-type=\"widget\" data-widget_type=\"text-editor.default\">\n\t\t\t\t<div class=\"elementor-widget-container\">\n\t\t\t\t\t\t\t\t\t<h4><span style=\"color: #0066ff;\">Coberturas Base<\/span><\/h4>\n<p style=\"text-align: justify;\">Uma boa cobertura \u00e9 a melhor forma de ter tranquilidade ao alugar um carro. Na BeBlue encontra as seguintes coberturas:<\/p>\n\n<h5>Seguro Responsabilidade Civil + Assist\u00eancia 24<\/h5>\n<p style=\"text-align: justify;\"><span style=\"font-size: small;\">Inclu\u00eddo em todos os carros de aluguer da BeBlue.\nCobre ferimentos ou danos a outras pessoas (terceiros) ou objetos, fora do ve\u00edculo, resultantes de um acidente de via\u00e7\u00e3o causado por si. O servi\u00e7o Assist\u00eancia 24 est\u00e1 inclu\u00eddo em toda a frota BeBlue.<\/span><\/p>\n\n\n<h5>Collision Damage Waiver (CDW) Cobertura por Danos de Colis\u00e3o<\/h5>\n<p style=\"text-align: justify;\"><span style=\"font-size: small;\">Seguro de Isen\u00e7\u00e3o Parcial de Responsabilidade por Estragos. Suprime a responsabilidade do cliente por estragos no ve\u00edculo em caso de sinistro, exceto o valor da franquia.\nEm caso de acidente, proceder de acordo com os \u201cTermos &amp; Condi\u00e7\u00f5es\u201d do seu Contrato de Aluguer.<\/span><\/p>\n<p style=\"text-align: justify;\">Inclu\u00eddo em todos os carros de aluguer da BeBlue. Esta cobertura cobre danos e limita a responsabilidade do condutor a um determinado valor fixo, designado de franquia. Qualquer valor apurado para repara\u00e7\u00e3o de danos acima do valor da franquia est\u00e1 coberto de acordo com a Cobertura por Danos de Colis\u00e3o. A cobertura CDW n\u00e3o inclui danos nos vidros, jantes, pneus, interior do carro, tejadilho, fundo do carro e chassis.<\/p>\n<p style=\"text-align: justify;\">Declinamos qualquer responsabilidade em casos de neglig\u00eancia, m\u00e1 utiliza\u00e7\u00e3o do ve\u00edculo, condu\u00e7\u00e3o sob efeito de \u00e1lcool ou outras subst\u00e2ncias il\u00edcitas.<\/p>\t\t\t\t\t\t\t\t<\/div>\n\t\t\t\t<\/div>\n\t\t\t\t\t<\/div>\n\t\t\t\t<\/div>\n\t\t<div class=\"elementor-element elementor-element-fb2bf1a e-flex e-con-boxed e-con e-parent\" data-id=\"fb2bf1a\" data-element_type=\"container\" data-e-type=\"container\">\n\t\t\t\t\t<div class=\"e-con-inner\">\n\t\t\t\t<div class=\"elementor-element elementor-element-d626b44 elementor-alert-info elementor-widget elementor-widget-alert\" data-id=\"d626b44\" data-element_type=\"widget\" data-e-type=\"widget\" data-widget_type=\"alert.default\">\n\t\t\t\t<div class=\"elementor-widget-container\">\n\t\t\t\t\t\t\t<div class=\"elementor-alert\" role=\"alert\">\n\n\t\t\t\t\t\t<span class=\"elementor-alert-title\">Aviso<\/span>\n\t\t\t\n\t\t\t\t\t\t<span class=\"elementor-alert-description\">\nA BeBlue Rent a Car reserva-se ao direito de declinar acidentes e\/ou danos n\u00e3o participados \u00e0s autoridades (PSP \/ GNR).\nEm caso de sinistro, ligue 112 (Linha Emerg\u00eancia Nacional) e contacte a BeBlue atrav\u00e9s dos contactos indicados no seu Contrato de Aluguer.<\/span>\n\t\t\t\n\t\t\t\t\t\t<button type=\"button\" class=\"elementor-alert-dismiss\" aria-label=\"Dismiss this alert.\">\n\t\t\t\t<i aria-hidden=\"true\" class=\"fas fa-exclamation-triangle\"><\/i>\t\t\t<\/button>\n\t\t\t\n\t\t<\/div>\n\t\t\t\t\t\t<\/div>\n\t\t\t\t<\/div>\n\t\t\t\t\t<\/div>\n\t\t\t\t<\/div>\n\t\t<div class=\"elementor-element elementor-element-0348250 e-flex e-con-boxed e-con e-parent\" data-id=\"0348250\" data-element_type=\"container\" data-e-type=\"container\">\n\t\t\t\t\t<div class=\"e-con-inner\">\n\t\t\t\t<div class=\"elementor-element elementor-element-a43f9b1 elementor-widget elementor-widget-text-editor\" data-id=\"a43f9b1\" data-element_type=\"widget\" data-e-type=\"widget\" data-widget_type=\"text-editor.default\">\n\t\t\t\t<div class=\"elementor-widget-container\">\n\t\t\t\t\t\t\t\t\t<h4><span style=\"color: #0066ff;\">Coberturas Especiais<\/span><\/h4><h5><strong><b><span style=\"color: #c20000;\">Super Collision Damage Waiver<\/span><\/b><\/strong><strong> (SCDW) Franquia Zero<\/strong><\/h5><p style=\"text-align: justify;\"><span style=\"font-size: small;\">A responsabilidade do cliente pelo pagamento da franquia m\u00ednima obrigat\u00f3ria pode ser reduzida atrav\u00e9s da subscri\u00e7\u00e3o do SCDW no in\u00edcio do aluguer.<\/span><\/p><p><strong>CONDI\u00c7\u00d5ES: IDADE M\u00cdNIMA DE 25 ANOS OU 2 ANOS DE CARTA DE CONDU\u00c7\u00c3O<\/strong><\/p><blockquote><p style=\"text-align: justify;\"><span style=\"font-size: small;\">Com esta op\u00e7\u00e3o, tem a cobertura do valor total da franquia pelo qual o cliente \u00e9 respons\u00e1vel em caso de dano ou roubo do ve\u00edculo alugado. O Seguro de Danos Pr\u00f3prios SCDW n\u00e3o inclui danos nos vidros, jantes, pneus, interior do carro, tejadilho, fundo do carro e chassis. Este produto garante a m\u00e1xima cobertura, perante qualquer eventualidade que possa ocorrer durante a sua experi\u00eancia com os nossos ve\u00edculos de aluguer. Ao contratar esta cobertura adicional n\u00e3o tem de deixar dep\u00f3sito nem bloqueio em cart\u00e3o de cr\u00e9dito quando levantar o seu ve\u00edculo de aluguer. Declinamos qualquer responsabilidade em casos de neglig\u00eancia, m\u00e1 utiliza\u00e7\u00e3o do ve\u00edculo, condu\u00e7\u00e3o sob efeito de \u00e1lcool ou outras subst\u00e2ncias il\u00edcitas.<\/span><\/p><p style=\"text-align: justify;\"><span style=\"font-size: small;\">A BeBlue Rent a Car reserva-se ao direito de declinar acidentes e\/ou danos n\u00e3o participados \u00e0s Autoridades Policiais (PSP \/ GNR) e devidamente comunicados aos nossos servi\u00e7os, no menor espa\u00e7o de tempo poss\u00edvel.<\/span><\/p><\/blockquote><h5><strong><b><span style=\"color: #c20000;\">Theft Protection (TP) <\/span><\/b><\/strong><strong>Cobertura Contra Roubo<\/strong><\/h5><p style=\"text-align: justify;\"><span style=\"font-size: small;\">Com a sua contrata\u00e7\u00e3o, exime parcialmente da responsabilidade por roubo.<\/span><\/p><blockquote><p style=\"text-align: justify;\"><span style=\"font-size: small;\">Se contratar esta cobertura no seu aluguer, em caso de furto da viatura a sua responsabilidade fica limitada ao valor da franquia associada ao CDW, com o valor m\u00ednimo de 152,50\u20ac (ver tabela da frota). Esta prote\u00e7\u00e3o destina-se exclusivamente \u00e0 cobertura da viatura e exclui bagagens e objetos do condutor e passageiros.<\/span><\/p><\/blockquote><h5><strong><b><span style=\"color: #c20000;\">Windshield Damage Cover (WDW) <\/span><\/b><\/strong><strong>Cobertura por Danos no Para Brisas<\/strong><\/h5><p style=\"text-align: justify;\"><span style=\"font-size: small;\">Com a sua contrata\u00e7\u00e3o, exime parcialmente da responsabilidade por quebra de vidros.<\/span><\/p><blockquote><p style=\"text-align: justify;\"><span style=\"font-size: small;\">Caso o valor da repara\u00e7\u00e3o \/ substitui\u00e7\u00e3o do(s) vidro(s) seja superior a 1.000,00\u20ac, o condutor fica respons\u00e1vel pelo pagamento do valor da diferen\u00e7a.<\/span><\/p><\/blockquote>\t\t\t\t\t\t\t\t<\/div>\n\t\t\t\t<\/div>\n\t\t\t\t\t<\/div>\n\t\t\t\t<\/div>\n\t\t<div class=\"elementor-element elementor-element-87a3e2e e-flex e-con-boxed e-con e-parent\" data-id=\"87a3e2e\" data-element_type=\"container\" data-e-type=\"container\">\n\t\t\t\t\t<div class=\"e-con-inner\">\n\t\t\t\t<div class=\"elementor-element elementor-element-0c50a5d elementor-alert-info elementor-widget elementor-widget-alert\" data-id=\"0c50a5d\" data-element_type=\"widget\" data-e-type=\"widget\" data-widget_type=\"alert.default\">\n\t\t\t\t<div class=\"elementor-widget-container\">\n\t\t\t\t\t\t\t<div class=\"elementor-alert\" role=\"alert\">\n\n\t\t\t\t\t\t<span class=\"elementor-alert-title\">INFORMA\u00c7\u00c3O<\/span>\n\t\t\t\n\t\t\t\t\t\t<span class=\"elementor-alert-description\">\nAo devolver o carro no final do seu aluguer, ser\u00e1 feito um controlo para verifica\u00e7\u00e3o do seu n\u00edvel de combust\u00edvel, estado de bancos e tapetes, chapa, pintura, acess\u00f3rios, etc., com o objetivo de poder realizar corretamente a liquida\u00e7\u00e3o do contrato.<\/span>\n\t\t\t\n\t\t\t\t\t\t<button type=\"button\" class=\"elementor-alert-dismiss\" aria-label=\"Dismiss this alert.\">\n\t\t\t\t<i aria-hidden=\"true\" class=\"fas fa-search\"><\/i>\t\t\t<\/button>\n\t\t\t\n\t\t<\/div>\n\t\t\t\t\t\t<\/div>\n\t\t\t\t<\/div>\n\t\t\t\t\t<\/div>\n\t\t\t\t<\/div>\n\t\t<div class=\"elementor-element elementor-element-c459796 e-flex e-con-boxed e-con e-parent\" data-id=\"c459796\" data-element_type=\"container\" data-e-type=\"container\">\n\t\t\t\t\t<div class=\"e-con-inner\">\n\t\t\t\t<div class=\"elementor-element elementor-element-1eeb277 elementor-widget elementor-widget-text-editor\" data-id=\"1eeb277\" data-element_type=\"widget\" data-e-type=\"widget\" data-widget_type=\"text-editor.default\">\n\t\t\t\t<div class=\"elementor-widget-container\">\n\t\t\t\t\t\t\t\t\t<h4><span style=\"color: #0066ff;\">Franquias<\/span><\/h4>\t\t\t\t\t\t\t\t<\/div>\n\t\t\t\t<\/div>\n\t\t\t\t\t<\/div>\n\t\t\t\t<\/div>\n\t\t<div class=\"elementor-element elementor-element-ab72dc6 e-flex e-con-boxed e-con e-parent\" data-id=\"ab72dc6\" data-element_type=\"container\" data-e-type=\"container\">\n\t\t\t\t\t<div class=\"e-con-inner\">\n\t\t\t\t<div class=\"elementor-element elementor-element-5c7e609 elementor-widget elementor-widget-html\" data-id=\"5c7e609\" data-element_type=\"widget\" data-e-type=\"widget\" data-widget_type=\"html.default\">\n\t\t\t\t<div class=\"elementor-widget-container\">\n\t\t\t\t\t<script>\r\njQuery(document).ready(function($) {\r\nvar delay = 100; setTimeout(function() {\r\n$('.elementor-tab-title').removeClass('elementor-active');\r\n $('.elementor-tab-content').css('display', 'none'); }, delay);\r\n});\r\n<\/script>\t\t\t\t<\/div>\n\t\t\t\t<\/div>\n\t\t\t\t\t<\/div>\n\t\t\t\t<\/div>\n\t\t<div class=\"elementor-element elementor-element-4a01d5f e-flex e-con-boxed e-con e-parent\" data-id=\"4a01d5f\" data-element_type=\"container\" data-e-type=\"container\">\n\t\t\t\t\t<div class=\"e-con-inner\">\n\t\t<div class=\"elementor-element elementor-element-3aad86e e-con-full e-flex e-con e-parent\" data-id=\"3aad86e\" data-element_type=\"container\" data-e-type=\"container\">\n\t\t\t\t<div class=\"elementor-element elementor-element-b1b3b6d elementor-widget elementor-widget-accordion\" data-id=\"b1b3b6d\" data-element_type=\"widget\" data-e-type=\"widget\" data-widget_type=\"accordion.default\">\n\t\t\t\t<div class=\"elementor-widget-container\">\n\t\t\t\t\t\t\t<div class=\"elementor-accordion\">\n\t\t\t\t\t\t\t<div class=\"elementor-accordion-item\">\n\t\t\t\t\t<div id=\"elementor-tab-title-1861\" class=\"elementor-tab-title\" data-tab=\"1\" role=\"button\" aria-controls=\"elementor-tab-content-1861\" aria-expanded=\"false\">\n\t\t\t\t\t\t\t\t\t\t\t\t\t<span class=\"elementor-accordion-icon elementor-accordion-icon-left\" aria-hidden=\"true\">\n\t\t\t\t\t\t\t\t\t\t\t\t\t\t\t<span class=\"elementor-accordion-icon-closed\"><i class=\"fas fa-plus\"><\/i><\/span>\n\t\t\t\t\t\t\t\t<span class=\"elementor-accordion-icon-opened\"><i class=\"fas fa-minus\"><\/i><\/span>\n\t\t\t\t\t\t\t\t\t\t\t\t\t\t<\/span>\n\t\t\t\t\t\t\t\t\t\t\t\t<a class=\"elementor-accordion-title\" tabindex=\"0\">Econ\u00f3micos<\/a>\n\t\t\t\t\t<\/div>\n\t\t\t\t\t<div id=\"elementor-tab-content-1861\" class=\"elementor-tab-content elementor-clearfix\" data-tab=\"1\" role=\"region\" aria-labelledby=\"elementor-tab-title-1861\"><p><strong>CDW<\/strong><\/p><p><span style=\"font-size: small;\"><strong>Cobertura por Danos de Colis\u00e3o<\/strong><\/span><\/p><p><span style=\"font-size: small;\">Franquia: 800,00\u20ac<\/span><\/p><p><strong>SCDW<\/strong><\/p><p><span style=\"font-size: small;\"><strong>Super Collision Damage Waiver<\/strong><\/span><\/p><p><span style=\"font-size: small;\">Franquia Zero<\/span><\/p><p><span style=\"font-size: small;\">Condi\u00e7\u00f5es SCDW: Idade m\u00ednima de 25 anos ou 2 anos de carta de condu\u00e7\u00e3o.<\/span><\/p><\/div>\n\t\t\t\t<\/div>\n\t\t\t\t\t\t\t\t<\/div>\n\t\t\t\t\t\t<\/div>\n\t\t\t\t<\/div>\n\t\t\t\t<\/div>\n\t\t<div class=\"elementor-element elementor-element-a6271fa e-con-full e-flex e-con e-parent\" data-id=\"a6271fa\" data-element_type=\"container\" data-e-type=\"container\">\n\t\t\t\t<div class=\"elementor-element elementor-element-5e60cd1 elementor-widget elementor-widget-accordion\" data-id=\"5e60cd1\" data-element_type=\"widget\" data-e-type=\"widget\" data-widget_type=\"accordion.default\">\n\t\t\t\t<div class=\"elementor-widget-container\">\n\t\t\t\t\t\t\t<div class=\"elementor-accordion\">\n\t\t\t\t\t\t\t<div class=\"elementor-accordion-item\">\n\t\t\t\t\t<div id=\"elementor-tab-title-9891\" class=\"elementor-tab-title\" data-tab=\"1\" role=\"button\" aria-controls=\"elementor-tab-content-9891\" aria-expanded=\"false\">\n\t\t\t\t\t\t\t\t\t\t\t\t\t<span class=\"elementor-accordion-icon elementor-accordion-icon-left\" aria-hidden=\"true\">\n\t\t\t\t\t\t\t\t\t\t\t\t\t\t\t<span class=\"elementor-accordion-icon-closed\"><i class=\"fas fa-plus\"><\/i><\/span>\n\t\t\t\t\t\t\t\t<span class=\"elementor-accordion-icon-opened\"><i class=\"fas fa-minus\"><\/i><\/span>\n\t\t\t\t\t\t\t\t\t\t\t\t\t\t<\/span>\n\t\t\t\t\t\t\t\t\t\t\t\t<a class=\"elementor-accordion-title\" tabindex=\"0\">Utilit\u00e1rios e M\u00e9dios<\/a>\n\t\t\t\t\t<\/div>\n\t\t\t\t\t<div id=\"elementor-tab-content-9891\" class=\"elementor-tab-content elementor-clearfix\" data-tab=\"1\" role=\"region\" aria-labelledby=\"elementor-tab-title-9891\"><p><strong>CDW<\/strong><\/p><p><span style=\"font-size: small;\"><strong>Cobertura por Danos de Colis\u00e3o<\/strong><\/span><\/p><p><span style=\"font-size: small;\">Franquia: 1.450,00\u20ac<\/span><\/p><p><strong>SCDW<\/strong><\/p><p><span style=\"font-size: small;\"><strong>Super Collision Damage Waiver<\/strong><\/span><\/p><p><span style=\"font-size: small;\">Franquia Zero<\/span><\/p><p><span style=\"font-size: small;\">Condi\u00e7\u00f5es SCDW: Idade m\u00ednima de 25 anos ou 2 anos de carta de condu\u00e7\u00e3o.<\/span><\/p><\/div>\n\t\t\t\t<\/div>\n\t\t\t\t\t\t\t\t<\/div>\n\t\t\t\t\t\t<\/div>\n\t\t\t\t<\/div>\n\t\t\t\t<\/div>\n\t\t<div class=\"elementor-element elementor-element-8c21ea2 e-con-full e-flex e-con e-parent\" data-id=\"8c21ea2\" data-element_type=\"container\" data-e-type=\"container\">\n\t\t\t\t<div class=\"elementor-element elementor-element-9aad6cf elementor-widget elementor-widget-accordion\" data-id=\"9aad6cf\" data-element_type=\"widget\" data-e-type=\"widget\" data-widget_type=\"accordion.default\">\n\t\t\t\t<div class=\"elementor-widget-container\">\n\t\t\t\t\t\t\t<div class=\"elementor-accordion\">\n\t\t\t\t\t\t\t<div class=\"elementor-accordion-item\">\n\t\t\t\t\t<div id=\"elementor-tab-title-1621\" class=\"elementor-tab-title\" data-tab=\"1\" role=\"button\" aria-controls=\"elementor-tab-content-1621\" aria-expanded=\"false\">\n\t\t\t\t\t\t\t\t\t\t\t\t\t<span class=\"elementor-accordion-icon elementor-accordion-icon-left\" aria-hidden=\"true\">\n\t\t\t\t\t\t\t\t\t\t\t\t\t\t\t<span class=\"elementor-accordion-icon-closed\"><i class=\"fas fa-plus\"><\/i><\/span>\n\t\t\t\t\t\t\t\t<span class=\"elementor-accordion-icon-opened\"><i class=\"fas fa-minus\"><\/i><\/span>\n\t\t\t\t\t\t\t\t\t\t\t\t\t\t<\/span>\n\t\t\t\t\t\t\t\t\t\t\t\t<a class=\"elementor-accordion-title\" tabindex=\"0\">Familiares e SUV's<\/a>\n\t\t\t\t\t<\/div>\n\t\t\t\t\t<div id=\"elementor-tab-content-1621\" class=\"elementor-tab-content elementor-clearfix\" data-tab=\"1\" role=\"region\" aria-labelledby=\"elementor-tab-title-1621\"><p><strong>CDW<\/strong><\/p><p><span style=\"font-size: small;\"><strong>Cobertura por Danos de Colis\u00e3o<\/strong><\/span><\/p><p><span style=\"font-size: small;\">Franquia: 1.800,00\u20ac<\/span><\/p><p><strong>SCDW<\/strong><\/p><p><span style=\"font-size: small;\"><strong>Super Collision Damage Waiver<\/strong><\/span><\/p><p><span style=\"font-size: small;\">Franquia Zero<\/span><\/p><p><span style=\"font-size: small;\">Condi\u00e7\u00f5es SCDW: Idade m\u00ednima de 25 anos ou 2 anos de carta de condu\u00e7\u00e3o.<\/span><\/p><\/div>\n\t\t\t\t<\/div>\n\t\t\t\t\t\t\t\t<\/div>\n\t\t\t\t\t\t<\/div>\n\t\t\t\t<\/div>\n\t\t\t\t<\/div>\n\t\t<div class=\"elementor-element elementor-element-aefbff0 e-con-full e-flex e-con e-parent\" data-id=\"aefbff0\" data-element_type=\"container\" data-e-type=\"container\">\n\t\t\t\t<div class=\"elementor-element elementor-element-2e00043 elementor-widget elementor-widget-accordion\" data-id=\"2e00043\" data-element_type=\"widget\" data-e-type=\"widget\" data-widget_type=\"accordion.default\">\n\t\t\t\t<div class=\"elementor-widget-container\">\n\t\t\t\t\t\t\t<div class=\"elementor-accordion\">\n\t\t\t\t\t\t\t<div class=\"elementor-accordion-item\">\n\t\t\t\t\t<div id=\"elementor-tab-title-4821\" class=\"elementor-tab-title\" data-tab=\"1\" role=\"button\" aria-controls=\"elementor-tab-content-4821\" aria-expanded=\"false\">\n\t\t\t\t\t\t\t\t\t\t\t\t\t<span class=\"elementor-accordion-icon elementor-accordion-icon-left\" aria-hidden=\"true\">\n\t\t\t\t\t\t\t\t\t\t\t\t\t\t\t<span class=\"elementor-accordion-icon-closed\"><i class=\"fas fa-plus\"><\/i><\/span>\n\t\t\t\t\t\t\t\t<span class=\"elementor-accordion-icon-opened\"><i class=\"fas fa-minus\"><\/i><\/span>\n\t\t\t\t\t\t\t\t\t\t\t\t\t\t<\/span>\n\t\t\t\t\t\t\t\t\t\t\t\t<a class=\"elementor-accordion-title\" tabindex=\"0\">7 Lugares e Autom\u00e1ticos<\/a>\n\t\t\t\t\t<\/div>\n\t\t\t\t\t<div id=\"elementor-tab-content-4821\" class=\"elementor-tab-content elementor-clearfix\" data-tab=\"1\" role=\"region\" aria-labelledby=\"elementor-tab-title-4821\"><p><strong>CDW<\/strong><\/p><p><span style=\"font-size: small;\"><strong>Cobertura por Danos de Colis\u00e3o<\/strong><\/span><\/p><p><span style=\"font-size: small;\">Franquia: 2.100,00\u20ac<\/span><\/p><p><strong>SCDW<\/strong><\/p><p><span style=\"font-size: small;\"><strong>Super Collision Damage Waiver<\/strong><\/span><\/p><p><span style=\"font-size: small;\">Franquia Zero<\/span><\/p><p><span style=\"font-size: small;\">Condi\u00e7\u00f5es SCDW: Idade m\u00ednima de 25 anos ou 2 anos de carta de condu\u00e7\u00e3o.<\/span><\/p><\/div>\n\t\t\t\t<\/div>\n\t\t\t\t\t\t\t\t<\/div>\n\t\t\t\t\t\t<\/div>\n\t\t\t\t<\/div>\n\t\t\t\t<\/div>\n\t\t\t\t\t<\/div>\n\t\t\t\t<\/div>\n\t\t<div class=\"elementor-element elementor-element-c653990 e-flex e-con-boxed e-con e-parent\" data-id=\"c653990\" data-element_type=\"container\" data-e-type=\"container\">\n\t\t\t\t\t<div class=\"e-con-inner\">\n\t\t\t\t<div class=\"elementor-element elementor-element-78b3ac4 elementor-widget elementor-widget-text-editor\" data-id=\"78b3ac4\" data-element_type=\"widget\" data-e-type=\"widget\" data-widget_type=\"text-editor.default\">\n\t\t\t\t<div class=\"elementor-widget-container\">\n\t\t\t\t\t\t\t\t\t<h4><span style=\"color: #0066ff;\">Sem Cobertura<\/span><\/h4><p style=\"text-align: justify;\">O que n\u00e3o est\u00e1 coberto por nenhuma op\u00e7\u00e3o de seguro?<\/p><ul><li>Danos a terceiros ou ao ve\u00edculo de aluguer devido a neglig\u00eancia ou condu\u00e7\u00e3o inapropriada.<\/li><li>Perda de cadeiras auto para crian\u00e7as.<\/li><li><p style=\"text-align: justify;\">Perda, danos ou roubo de chaves, antena, macaco, tri\u00e2ngulo de seguran\u00e7a, colete refletor, limpa-para-brisas, tampa do reservat\u00f3rio de combust\u00edvel, chapeleira da bagageira ou qualquer outro componente m\u00f3vel ou fixo do ve\u00edculo.<\/p><\/li><li>Danos no motor devido a neglig\u00eancia.<\/li><li>Roubo do ve\u00edculo com as chaves na igni\u00e7\u00e3o.<\/li><li>Danos causados ao ve\u00edculo ou a pessoas por condu\u00e7\u00e3o sob o efeito de \u00e1lcool ou de drogas.<\/li><\/ul><p style=\"text-align: justify;\">As multas por infra\u00e7\u00f5es de tr\u00e2nsito ou viola\u00e7\u00f5es da lei durante o per\u00edodo do aluguer s\u00e3o da responsabilidade do condutor do carro.<\/p><p style=\"text-align: justify;\">Caso lhe seja passada uma multa, haver\u00e1 lugar \u00e0 cobran\u00e7a do valor de 40,00\u20ac a t\u00edtulo de penaliza\u00e7\u00e3o por incumprimento contratual.<br \/>Reabastecimento efetuado com o combust\u00edvel incorreto.<\/p>\t\t\t\t\t\t\t\t<\/div>\n\t\t\t\t<\/div>\n\t\t\t\t\t<\/div>\n\t\t\t\t<\/div>\n\t\t\t\t<\/div>","protected":false},"excerpt":{"rendered":"<p>Coberturas Base Uma boa cobertura \u00e9 a melhor forma de ter tranquilidade ao alugar um carro. Na BeBlue encontra as seguintes coberturas: Seguro Responsabilidade Civil + Assist\u00eancia 24 Inclu\u00eddo em todos os carros de aluguer da BeBlue. Cobre ferimentos ou danos a outras pessoas (terceiros) ou objetos, fora do ve\u00edculo, resultantes de um acidente de [&hellip;]<\/p>\n","protected":false},"author":1,"featured_media":0,"parent":0,"menu_order":0,"comment_status":"closed","ping_status":"closed","template":"","meta":{"_monsterinsights_skip_tracking":false,"_monsterinsights_sitenote_active":false,"_monsterinsights_sitenote_note":"","_monsterinsights_sitenote_category":0,"site-sidebar-layout":"no-sidebar","site-content-layout":"page-builder","ast-site-content-layout":"default","site-content-style":"default","site-sidebar-style":"default","ast-global-header-display":"","ast-banner-title-visibility":"","ast-main-header-display":"","ast-hfb-above-header-display":"","ast-hfb-below-header-display":"","ast-hfb-mobile-header-display":"","site-post-title":"disabled","ast-breadcrumbs-content":"","ast-featured-img":"disabled","footer-sml-layout":"","ast-disable-related-posts":"","theme-transparent-header-meta":"enabled","adv-header-id-meta":"","stick-header-meta":"","header-above-stick-meta":"","header-main-stick-meta":"","header-below-stick-meta":"","astra-migrate-meta-layouts":"default","ast-page-background-enabled":"default","ast-page-background-meta":{"desktop":{"background-color":"","background-image":"","background-repeat":"repeat","background-position":"center center","background-size":"auto","background-attachment":"scroll","background-type":"","background-media":"","overlay-type":"","overlay-color":"","overlay-opacity":"","overlay-gradient":""},"tablet":{"background-color":"","background-image":"","background-repeat":"repeat","background-position":"center center","background-size":"auto","background-attachment":"scroll","background-type":"","background-media":"","overlay-type":"","overlay-color":"","overlay-opacity":"","overlay-gradient":""},"mobile":{"background-color":"","background-image":"","background-repeat":"repeat","background-position":"center center","background-size":"auto","background-attachment":"scroll","background-type":"","background-media":"","overlay-type":"","overlay-color":"","overlay-opacity":"","overlay-gradient":""}},"ast-content-background-meta":{"desktop":{"background-color":"var(--ast-global-color-5)","background-image":"","background-repeat":"repeat","background-position":"center center","background-size":"auto","background-attachment":"scroll","background-type":"","background-media":"","overlay-type":"","overlay-color":"","overlay-opacity":"","overlay-gradient":""},"tablet":{"background-color":"var(--ast-global-color-5)","background-image":"","background-repeat":"repeat","background-position":"center center","background-size":"auto","background-attachment":"scroll","background-type":"","background-media":"","overlay-type":"","overlay-color":"","overlay-opacity":"","overlay-gradient":""},"mobile":{"background-color":"var(--ast-global-color-5)","background-image":"","background-repeat":"repeat","background-position":"center center","background-size":"auto","background-attachment":"scroll","background-type":"","background-media":"","overlay-type":"","overlay-color":"","overlay-opacity":"","overlay-gradient":""}},"footnotes":""},"class_list":["post-925","page","type-page","status-publish","hentry"],"_links":{"self":[{"href":"https:\/\/beblue.pt\/en\/wp-json\/wp\/v2\/pages\/925","targetHints":{"allow":["GET"]}}],"collection":[{"href":"https:\/\/beblue.pt\/en\/wp-json\/wp\/v2\/pages"}],"about":[{"href":"https:\/\/beblue.pt\/en\/wp-json\/wp\/v2\/types\/page"}],"author":[{"embeddable":true,"href":"https:\/\/beblue.pt\/en\/wp-json\/wp\/v2\/users\/1"}],"replies":[{"embeddable":true,"href":"https:\/\/beblue.pt\/en\/wp-json\/wp\/v2\/comments?post=925"}],"version-history":[{"count":156,"href":"https:\/\/beblue.pt\/en\/wp-json\/wp\/v2\/pages\/925\/revisions"}],"predecessor-version":[{"id":2423,"href":"https:\/\/beblue.pt\/en\/wp-json\/wp\/v2\/pages\/925\/revisions\/2423"}],"wp:attachment":[{"href":"https:\/\/beblue.pt\/en\/wp-json\/wp\/v2\/media?parent=925"}],"curies":[{"name":"wp","href":"https:\/\/api.w.org\/{rel}","templated":true}]}}